{"id":1754,"date":"2019-02-06T14:20:31","date_gmt":"2019-02-06T14:20:31","guid":{"rendered":"http:\/\/www.azoresepicadventures.com\/our-tips\/"},"modified":"2019-03-29T18:46:32","modified_gmt":"2019-03-29T18:46:32","slug":"our-tips","status":"publish","type":"page","link":"https:\/\/www.azoresepicadventures.com\/es\/our-tips\/","title":{"rendered":"Consejos para Azores"},"content":{"rendered":"\n<style type=\"text\/css\" data-created_by=\"avia_inline_auto\" id=\"style-css-av-av_heading-b17e47e468a06f0cb1dd1a7bc011c1c0\">\n#top .av-special-heading.av-av_heading-b17e47e468a06f0cb1dd1a7bc011c1c0{\nmargin:0px 0px 0px 0px;\npadding-bottom:10px;\ncolor:#2d5c88;\nfont-size:28px;\n}\n.av-special-heading.av-av_heading-b17e47e468a06f0cb1dd1a7bc011c1c0 .special-heading-inner-border{\nborder-color:#2d5c88;\n}\n.av-special-heading.av-av_heading-b17e47e468a06f0cb1dd1a7bc011c1c0 .av-subheading{\nfont-size:15px;\n}\n<\/style>\n<div  class='av-special-heading av-av_heading-b17e47e468a06f0cb1dd1a7bc011c1c0 av-special-heading-h3 custom-color-heading blockquote modern-quote modern-centered  avia-builder-el-0  el_before_av_hr  avia-builder-el-first  av-inherit-size '><h3 class='av-special-heading-tag '  itemprop=\"headline\"  >NUESTROS CONSEJOS PARA LOS AZORES<\/h3><div class='av_custom_color av-subheading av-subheading_below '><p>\u00a1No vas a querer perder!<\/p>\n<\/div><div class='special-heading-border'><div class='special-heading-inner-border'><\/div><\/div><\/div>\n\n<style type=\"text\/css\" data-created_by=\"avia_inline_auto\" id=\"style-css-av-jrw7yo9a-0134b11b31991603c74fa3ce9debb7eb\">\n#top .hr.hr-invisible.av-jrw7yo9a-0134b11b31991603c74fa3ce9debb7eb{\nheight:30px;\n}\n<\/style>\n<div  class='hr av-jrw7yo9a-0134b11b31991603c74fa3ce9debb7eb hr-invisible  avia-builder-el-1  el_after_av_heading  el_before_av_one_fifth  '><span class='hr-inner '><span class=\"hr-inner-style\"><\/span><\/span><\/div>\n\n<style type=\"text\/css\" data-created_by=\"avia_inline_auto\" id=\"style-css-av-23c19-b97af5f398a1eecaffcfe4654c1fb2ce\">\n.flex_column.av-23c19-b97af5f398a1eecaffcfe4654c1fb2ce{\nborder-radius:0px 0px 0px 0px;\n-webkit-border-radius:0px 0px 0px 0px;\n-moz-border-radius:0px 0px 0px 0px;\n}\n<\/style>\n<div class='flex_column av-23c19-b97af5f398a1eecaffcfe4654c1fb2ce av_one_fifth  avia-builder-el-2  el_after_av_hr  el_before_av_three_fifth  first flex_column_div av-zero-column-padding '   ><\/div>\n\n<style type=\"text\/css\" data-created_by=\"avia_inline_auto\" id=\"style-css-av-hnryl-985ec6340a77857259882ad07937f16b\">\n.flex_column.av-hnryl-985ec6340a77857259882ad07937f16b{\nborder-radius:0px 0px 0px 0px;\n-webkit-border-radius:0px 0px 0px 0px;\n-moz-border-radius:0px 0px 0px 0px;\n}\n<\/style>\n<div class='flex_column av-hnryl-985ec6340a77857259882ad07937f16b av_three_fifth  avia-builder-el-3  el_after_av_one_fifth  el_before_av_one_fifth  flex_column_div av-zero-column-padding '   ><style type=\"text\/css\" data-created_by=\"avia_inline_auto\" id=\"style-css-av-jrw7xj79-8af670ea2bcf1853774cb795cd1524a3\">\n#top .av-masonry.av-jrw7xj79-8af670ea2bcf1853774cb795cd1524a3{\nbackground-color:#ffffff;\n}\n<\/style>\n<div id='av-masonry-1' class='av-masonry av-jrw7xj79-8af670ea2bcf1853774cb795cd1524a3 noHover av-flex-size av-no-gap av-hover-overlay- av-masonry-animation-active av-masonry-col-2 av-caption-always av-caption-style- av-masonry-gallery   '><div class=\"av-masonry-container isotope av-js-disabled\"><div class='av-masonry-entry isotope-item av-masonry-item-no-image '><\/div><a href=\"http:\/\/www.azoresepicadventures.com\/es\/our-tips\/food-tips\/\"  aria-label=\"image image with no title\"  id='av-masonry-1-item-1228' data-av-masonry-item='1228' class='av-masonry-entry isotope-item post-1228 attachment type-attachment status-inherit hentry  av-masonry-item-with-image' title=\"\" alt=\"\"   itemprop=\"thumbnailUrl\" ><div class='av-inner-masonry-sizer'><\/div><figure class='av-inner-masonry main_color'><div class=\"av-masonry-outerimage-container\"><div class='av-masonry-image-container'   ><img decoding=\"async\" width=\"458\" height=\"501\" class=\"wp-image-1228 avia-img-lazy-loading-not-1228\"  src=\"https:\/\/www.azoresepicadventures.com\/wp-content\/uploads\/2019\/03\/comida.png\" title=\"\" alt=\"\" srcset=\"https:\/\/www.azoresepicadventures.com\/wp-content\/uploads\/2019\/03\/comida.png 458w, https:\/\/www.azoresepicadventures.com\/wp-content\/uploads\/2019\/03\/comida-274x300.png 274w, https:\/\/www.azoresepicadventures.com\/wp-content\/uploads\/2019\/03\/comida-450x492.png 450w\" sizes=\"(max-width: 458px) 100vw, 458px\" \/><\/div><\/div><\/figure><\/a><!--end av-masonry entry--><a href=\"http:\/\/www.azoresepicadventures.com\/es\/our-tips\/things-to-do\/\"  aria-label=\"image things\"  id='av-masonry-1-item-1756' data-av-masonry-item='1756' class='av-masonry-entry isotope-item post-1756 attachment type-attachment status-inherit hentry  av-masonry-item-with-image' title=\"things\" alt=\"\"   itemprop=\"thumbnailUrl\" ><div class='av-inner-masonry-sizer'><\/div><figure class='av-inner-masonry main_color'><div class=\"av-masonry-outerimage-container\"><div class='av-masonry-image-container'   ><img decoding=\"async\" width=\"458\" height=\"501\" class=\"wp-image-1756 avia-img-lazy-loading-not-1756\"  src=\"https:\/\/www.azoresepicadventures.com\/wp-content\/uploads\/2019\/03\/para-hacer.png\" title=\"things\" alt=\"\" srcset=\"https:\/\/www.azoresepicadventures.com\/wp-content\/uploads\/2019\/03\/para-hacer.png 458w, https:\/\/www.azoresepicadventures.com\/wp-content\/uploads\/2019\/03\/para-hacer-274x300.png 274w, https:\/\/www.azoresepicadventures.com\/wp-content\/uploads\/2019\/03\/para-hacer-450x492.png 450w\" sizes=\"(max-width: 458px) 100vw, 458px\" \/><\/div><\/div><\/figure><\/a><!--end av-masonry entry--><\/div><\/div><\/div>\n<style type=\"text\/css\" data-created_by=\"avia_inline_auto\" id=\"style-css-av-7k451-3d668e2e2ebaad3dc9bd79de03d2c25a\">\n.flex_column.av-7k451-3d668e2e2ebaad3dc9bd79de03d2c25a{\nborder-radius:0px 0px 0px 0px;\n-webkit-border-radius:0px 0px 0px 0px;\n-moz-border-radius:0px 0px 0px 0px;\n}\n<\/style>\n<div class='flex_column av-7k451-3d668e2e2ebaad3dc9bd79de03d2c25a av_one_fifth  avia-builder-el-5  el_after_av_three_fifth  el_before_av_postcontent  avia-builder-el-last  flex_column_div av-zero-column-padding '   ><\/div><\/p>\n[av_section min_height='custom' min_height_px='1050px' padding='default' shadow='no-border-styling' bottom_border='no-border-styling' bottom_border_diagonal_color='#333333' bottom_border_diagonal_direction='' bottom_border_style='' custom_margin='0px' custom_margin_sync='true' custom_arrow_bg='' id='booknow' color='main_color' background='bg_color' custom_bg='' background_gradient_color1='' background_gradient_color2='' background_gradient_direction='vertical' src='http:\/\/www.azoresepicadventures.com\/wp-content\/uploads\/2019\/01\/epic.jpg' attachment='589' attachment_size='full' attach='scroll' position='bottom center' repeat='no-repeat' video='' video_ratio='16:9' overlay_opacity='0.5' overlay_color='' overlay_pattern='' overlay_custom_pattern='' av_element_hidden_in_editor='0' av_uid='av-jrq9svcn']\r\n\r\n[av_one_fifth first min_height='' vertical_alignment='av-align-top' space='' custom_margin='aviaTBcustom_margin' margin='0px,50px' row_boxshadow_color='' row_boxshadow_width='10' link='' linktarget='' link_hover='' padding='0px' padding_sync='true' highlight_size='1.1' border='' border_color='' radius='0px' radius_sync='true' column_boxshadow_color='' column_boxshadow_width='10' background='bg_color' background_color='' background_gradient_color1='' background_gradient_color2='' background_gradient_direction='vertical' src='' attachment='' attachment_size='' background_position='top left' background_repeat='no-repeat' animation='' mobile_breaking='' mobile_display='' av_uid='av-71mrq']\r\n\r\n[\/av_one_fifth][av_three_fifth min_height='' vertical_alignment='av-align-top' space='' margin='0px' margin_sync='true' row_boxshadow_color='' row_boxshadow_width='10' link='' linktarget='' link_hover='' padding='20px' padding_sync='true' highlight_size='1.1' border='' border_color='rgba(255,255,255,0.7)' radius='0px' radius_sync='true' column_boxshadow_color='#000000' column_boxshadow_width='10' background='bg_color' background_color='rgba(81,81,81,0.6)' background_gradient_color1='' background_gradient_color2='' background_gradient_direction='vertical' src='' attachment='' attachment_size='' background_position='top left' background_repeat='no-repeat' animation='' mobile_breaking='' mobile_display='' av_uid='av-1alz06']\r\n\r\n[av_heading heading='CONT\u00c1CTENOS \u2022 WHATSAPP (MAS R\u00c1PIDO)' tag='h3' style='blockquote modern-quote modern-centered' subheading_active='subheading_below' show_icon='' icon='ue800' font='entypo-fontello' size='20' av-medium-font-size-title='' av-small-font-size-title='' av-mini-font-size-title='' subheading_size='15' av-medium-font-size='' av-small-font-size='' av-mini-font-size='' icon_size='' av-medium-font-size-1='' av-small-font-size-1='' av-mini-font-size-1='' color='custom-color-heading' custom_font='#ffffff' subheading_color='' seperator_color='' icon_color='' margin='0px' margin_sync='true' padding='10' icon_padding='10' headline_padding='' headline_padding_sync='true' link='manually,http:\/\/' link_target='' id='' custom_class='' template_class='' av_uid='av-lmgkodnl' sc_version='1.0' admin_preview_bg=''][\/av_heading]\r\n\r\n[av_textblock size='15' av-medium-font-size='' av-small-font-size='' av-mini-font-size='' font_color='custom' color='#ffffff' av-medium-hide='aviaTBav-medium-hide' av-small-hide='aviaTBav-small-hide' av-mini-hide='aviaTBav-mini-hide' id='' custom_class='' template_class='' av_uid='av-jrlz14fk' sc_version='1.0' admin_preview_bg='']\r\n<p style=\"text-align: center;\">FRANCISCO \/ BEA: +351 922 283 245<\/p>\r\n<p style=\"text-align: center;\">AZORESEPICADVENTURES@GMAIL.COM<\/p>\r\n[\/av_textblock]\r\n\r\n[av_textblock size='15' av-medium-font-size='' av-small-font-size='' av-mini-font-size='' font_color='custom' color='#ffffff' av-desktop-hide='aviaTBav-desktop-hide' id='' custom_class='' template_class='' av_uid='av-jrlz14fk' sc_version='1.0' admin_preview_bg='']\r\n<p style=\"text-align: center;\">FRANCISCO \/ BEA: +351 922 283 245 | <a href=\"whatsapp:\/\/send?phone=351922283245\"><img loading=\"lazy\" decoding=\"async\" class=\"alignnone size-full wp-image-769\" src=\"http:\/\/www.azoresepicadventures.com\/wp-content\/uploads\/2019\/02\/whats.png\" alt=\"\" width=\"30\" height=\"30\" \/><\/a><\/p>\r\n<p style=\"text-align: center;\">AZORESEPICADVENTURES@GMAIL.COM<\/p>\r\n[\/av_textblock]\r\n\r\n[av_hr class='invisible' height='20' shadow='no-shadow' position='center' custom_border='av-border-thin' custom_width='50px' custom_border_color='' custom_margin_top='30px' custom_margin_bottom='30px' icon_select='yes' custom_icon_color='' icon='ue808' font='entypo-fontello' av_uid='av-jrqjlocz' admin_preview_bg='']\r\n\r\n[av_heading heading='SOLICITUD DE RESERVA' tag='h3' link_apply='' link='manually,http:\/\/' link_target='' style='blockquote modern-quote modern-centered' size='28' subheading_active='subheading_below' subheading_size='15' margin='0px' padding='10' color='custom-color-heading' custom_font='#ffffff' custom_class='' admin_preview_bg='' av-desktop-hide='' av-medium-hide='' av-small-hide='' av-mini-hide='' av-medium-font-size-title='' av-small-font-size-title='' av-mini-font-size-title='' av-medium-font-size='' av-small-font-size='' av-mini-font-size=''][\/av_heading]\r\n\r\n[av_contact title='' button='Enviar' on_send='redirect' sent=' \u00a1Gracias! Su solicitud de reserva ha sido enviada!' link='manually,https:\/\/www.azoresepicadventures.com\/thankyou\/' captcha='active' captcha_theme='light' captcha_size='normal' captcha_score='0.5' email='azoresepicadventures@gmail.com' from_email='' subject='' autoresponder_email='azoresepicadventures@gmail.com' autoresponder_reply_to='' autoresponder_subject='' autorespond='Hola viajero!\r\n\r\n\u00a1Gracias por contactarnos! Si no le respondemos de inmediato, es porque estamos un poco ocupados saltando de cascadas (ya sabe, el trabajo diario habitual ...)\r\nPero no se preocupe, le responderemos lo antes posible, para que pueda ser el pr\u00f3ximo en una aventura \u00e9pica con nosotros.\r\n\r\nSaludos,\r\nFrancisco y Beatriz: \u00a1tus gu\u00edas \u00e9picos!' autorespond_after='' hide_labels='aviaTBhide_labels' form_align='centered' color='av-custom-form-color av-light-form' heading_tag='' heading_class='' alb_description='' id='' custom_class='' template_class='' aria_label='' av_uid='av-jrj8ml4g' sc_version='1.0' admin_preview_bg='']\r\n[av_contact_field label='Nombre (primero y \u00faltimo)' type='text' options='' check='is_empty' width='' multi_select='' av_contact_preselect='' av_uid='av-1tad0u' sc_version='1.0'][\/av_contact_field]\r\n[av_contact_field label='E-Mail' type='text' options='' check='is_email' width='element_half' multi_select='' av_contact_preselect='' av_uid='av-pd2qm' sc_version='1.0'][\/av_contact_field]\r\n[av_contact_field label='M\u00f3vil (con c\u00f3digo del pa\u00eds)' type='text' options='' check='is_phone' width='element_half' multi_select='' av_contact_preselect='' av_uid='av-ldccu' sc_version='1.0'][\/av_contact_field]\r\n[av_contact_field label='Actividad (elige una o m\u00e1s)' type='html' options='' check='' width='' av_uid='av-a4kli' multi_select='' av_contact_preselect='' sc_version='1.0']\r\nActividad (elige una o m\u00e1s)\r\n[\/av_contact_field]\r\n[av_contact_field label='Barranquismo' type='checkbox' options='' check='' width='element_fourth' av_uid='av-t8u6' multi_select='' av_contact_preselect='' sc_version='1.0'][\/av_contact_field]\r\n[av_contact_field label='Escalada' type='checkbox' options='' check='' width='element_fourth' multi_select='' av_contact_preselect='' av_uid='av-10r186' sc_version='1.0'][\/av_contact_field]\r\n[av_contact_field label='Senderismo' type='checkbox' options='' check='' width='element_fourth' av_uid='av-yuqw6' multi_select='' av_contact_preselect='' sc_version='1.0'][\/av_contact_field]\r\n[av_contact_field label='Kayak \/ SUP' type='checkbox' options='' check='' width='element_fourth' av_uid='av-s4pxi' multi_select='' av_contact_preselect='' sc_version='1.0'][\/av_contact_field]\r\n[av_contact_field label='Cuantos adultos?' type='select' options='1,2,3,4,5,6,7,8,9,10,11,12,13,14,15,16' check='is_empty' width='' av_uid='av-liott0gu' sc_version='1.0'][\/av_contact_field]\r\n[av_contact_field label='Cuantos ni\u00f1os?' type='select' options='0,1,2,3,4,5,6,7,8,9,10,11,12,13,14,15,16' check='is_empty' width='' av_uid='av-liotud37' sc_version='1.0'][\/av_contact_field]\r\n[av_contact_field label='Disponibilidad:' type='html' options='' check='' width='' av_uid='av-kpkna' multi_select='' av_contact_preselect='' sc_version='1.0']\r\nDisponibilidad:\r\n[\/av_contact_field]\r\n[av_contact_field label='Desde:' type='datepicker' options='' check='is_empty' width='element_half' multi_select='' av_contact_preselect='' av_uid='av-f041i' sc_version='1.0'][\/av_contact_field]\r\n[av_contact_field label='A:' type='datepicker' options='' check='is_empty' width='element_half' multi_select='' av_contact_preselect='' av_uid='av-934lq' sc_version='1.0'][\/av_contact_field]\r\n[av_contact_field label='Comentarios' type='textarea' options='' check='' width='' multi_select='' av_contact_preselect='' av_uid='av-a04vi' sc_version='1.0'][\/av_contact_field]\r\n[\/av_contact]\r\n\r\n[\/av_three_fifth][\/av_section][av_section min_height='' min_height_px='500px' padding='default' shadow='no-border-styling' bottom_border='no-border-styling' bottom_border_diagonal_color='#333333' bottom_border_diagonal_direction='' bottom_border_style='' custom_margin='0px' custom_margin_sync='true' custom_arrow_bg='' id='' color='main_color' background='bg_color' custom_bg='#515151' background_gradient_color1='' background_gradient_color2='' background_gradient_direction='vertical' src='' attachment='' attachment_size='' attach='scroll' position='top left' repeat='no-repeat' video='' video_ratio='16:9' overlay_opacity='0.5' overlay_color='' overlay_pattern='' overlay_custom_pattern='' av_element_hidden_in_editor='0' av_uid='av-jrlyy1h5']\r\n[av_heading heading=' S\u00cdGUENOS EN INSTAGRAM' tag='h3' link_apply='' link='manually,http:\/\/' link_target='' style='blockquote modern-quote modern-centered' size='18' subheading_active='subheading_below' subheading_size='15' margin='0px' padding='10' color='custom-color-heading' custom_font='#ffffff' custom_class='' admin_preview_bg='' av-desktop-hide='' av-medium-hide='' av-small-hide='' av-mini-hide='' av-medium-font-size-title='' av-small-font-size-title='' av-mini-font-size-title='' av-medium-font-size='' av-small-font-size='' av-mini-font-size='' av_uid='av-a7ala'][\/av_heading]\r\n\r\n[av_codeblock wrapper_element='' wrapper_element_attributes='' codeblock_type='' av_uid='av-jrlyybgq']\r\n[instagram-feed]\r\n[\/av_codeblock]\r\n[\/av_section]\n","protected":false},"excerpt":{"rendered":"","protected":false},"author":1,"featured_media":0,"parent":0,"menu_order":0,"comment_status":"closed","ping_status":"closed","template":"","meta":{"_monsterinsights_skip_tracking":false,"_monsterinsights_sitenote_active":false,"_monsterinsights_sitenote_note":"","_monsterinsights_sitenote_category":0,"footnotes":""},"class_list":["post-1754","page","type-page","status-publish","hentry"],"yoast_head":"<!-- This site is optimized with the Yoast SEO plugin v25.7 - https:\/\/yoast.com\/wordpress\/plugins\/seo\/ -->\n<title>Consejos para Azores - Azores Epic Adventures<\/title>\n<meta name=\"description\" content=\"Check here the best Azorean Tips ever! Things to do, local food that you can&#039;t miss, the best restaurants and the best outdoor activities in S\u00e3o Miguel!\" \/>\n<meta name=\"robots\" content=\"index, follow, max-snippet:-1, max-image-preview:large, max-video-preview:-1\" \/>\n<link rel=\"canonical\" href=\"https:\/\/www.azoresepicadventures.com\/es\/our-tips\/\" \/>\n<meta property=\"og:locale\" content=\"es_ES\" \/>\n<meta property=\"og:type\" content=\"article\" \/>\n<meta property=\"og:title\" content=\"Consejos para Azores - Azores Epic Adventures\" \/>\n<meta property=\"og:description\" content=\"Check here the best Azorean Tips ever! Things to do, local food that you can&#039;t miss, the best restaurants and the best outdoor activities in S\u00e3o Miguel!\" \/>\n<meta property=\"og:url\" content=\"https:\/\/www.azoresepicadventures.com\/es\/our-tips\/\" \/>\n<meta property=\"og:site_name\" content=\"Azores Epic Adventures\" \/>\n<meta property=\"article:modified_time\" content=\"2019-03-29T18:46:32+00:00\" \/>\n<meta name=\"twitter:card\" content=\"summary_large_image\" \/>\n<meta name=\"twitter:label1\" content=\"Tiempo de lectura\" \/>\n\t<meta name=\"twitter:data1\" content=\"3 minutos\" \/>\n<script type=\"application\/ld+json\" class=\"yoast-schema-graph\">{\"@context\":\"https:\/\/schema.org\",\"@graph\":[{\"@type\":\"WebPage\",\"@id\":\"https:\/\/www.azoresepicadventures.com\/es\/our-tips\/\",\"url\":\"https:\/\/www.azoresepicadventures.com\/es\/our-tips\/\",\"name\":\"Consejos para Azores - Azores Epic Adventures\",\"isPartOf\":{\"@id\":\"https:\/\/www.azoresepicadventures.com\/#website\"},\"datePublished\":\"2019-02-06T14:20:31+00:00\",\"dateModified\":\"2019-03-29T18:46:32+00:00\",\"description\":\"Check here the best Azorean Tips ever! Things to do, local food that you can't miss, the best restaurants and the best outdoor activities in S\u00e3o Miguel!\",\"breadcrumb\":{\"@id\":\"https:\/\/www.azoresepicadventures.com\/es\/our-tips\/#breadcrumb\"},\"inLanguage\":\"es\",\"potentialAction\":[{\"@type\":\"ReadAction\",\"target\":[\"https:\/\/www.azoresepicadventures.com\/es\/our-tips\/\"]}]},{\"@type\":\"BreadcrumbList\",\"@id\":\"https:\/\/www.azoresepicadventures.com\/es\/our-tips\/#breadcrumb\",\"itemListElement\":[{\"@type\":\"ListItem\",\"position\":1,\"name\":\"Home\",\"item\":\"https:\/\/www.azoresepicadventures.com\/es\/home\/\"},{\"@type\":\"ListItem\",\"position\":2,\"name\":\"Consejos para Azores\"}]},{\"@type\":\"WebSite\",\"@id\":\"https:\/\/www.azoresepicadventures.com\/#website\",\"url\":\"https:\/\/www.azoresepicadventures.com\/\",\"name\":\"Azores Epic Adventures\",\"description\":\"Canyoning Experts in S\u00e3o Miguel - Azores Islands\",\"publisher\":{\"@id\":\"https:\/\/www.azoresepicadventures.com\/#organization\"},\"potentialAction\":[{\"@type\":\"SearchAction\",\"target\":{\"@type\":\"EntryPoint\",\"urlTemplate\":\"https:\/\/www.azoresepicadventures.com\/?s={search_term_string}\"},\"query-input\":{\"@type\":\"PropertyValueSpecification\",\"valueRequired\":true,\"valueName\":\"search_term_string\"}}],\"inLanguage\":\"es\"},{\"@type\":\"Organization\",\"@id\":\"https:\/\/www.azoresepicadventures.com\/#organization\",\"name\":\"Azores Epic Adventures\",\"url\":\"https:\/\/www.azoresepicadventures.com\/\",\"logo\":{\"@type\":\"ImageObject\",\"inLanguage\":\"es\",\"@id\":\"https:\/\/www.azoresepicadventures.com\/#\/schema\/logo\/image\/\",\"url\":\"https:\/\/www.azoresepicadventures.com\/wp-content\/uploads\/2019\/04\/azores-logo.jpg\",\"contentUrl\":\"https:\/\/www.azoresepicadventures.com\/wp-content\/uploads\/2019\/04\/azores-logo.jpg\",\"width\":3000,\"height\":1754,\"caption\":\"Azores Epic Adventures\"},\"image\":{\"@id\":\"https:\/\/www.azoresepicadventures.com\/#\/schema\/logo\/image\/\"}}]}<\/script>\n<!-- \/ Yoast SEO plugin. -->","yoast_head_json":{"title":"Consejos para Azores - Azores Epic Adventures","description":"Check here the best Azorean Tips ever! Things to do, local food that you can't miss, the best restaurants and the best outdoor activities in S\u00e3o Miguel!","robots":{"index":"index","follow":"follow","max-snippet":"max-snippet:-1","max-image-preview":"max-image-preview:large","max-video-preview":"max-video-preview:-1"},"canonical":"https:\/\/www.azoresepicadventures.com\/es\/our-tips\/","og_locale":"es_ES","og_type":"article","og_title":"Consejos para Azores - Azores Epic Adventures","og_description":"Check here the best Azorean Tips ever! Things to do, local food that you can't miss, the best restaurants and the best outdoor activities in S\u00e3o Miguel!","og_url":"https:\/\/www.azoresepicadventures.com\/es\/our-tips\/","og_site_name":"Azores Epic Adventures","article_modified_time":"2019-03-29T18:46:32+00:00","twitter_card":"summary_large_image","twitter_misc":{"Tiempo de lectura":"3 minutos"},"schema":{"@context":"https:\/\/schema.org","@graph":[{"@type":"WebPage","@id":"https:\/\/www.azoresepicadventures.com\/es\/our-tips\/","url":"https:\/\/www.azoresepicadventures.com\/es\/our-tips\/","name":"Consejos para Azores - Azores Epic Adventures","isPartOf":{"@id":"https:\/\/www.azoresepicadventures.com\/#website"},"datePublished":"2019-02-06T14:20:31+00:00","dateModified":"2019-03-29T18:46:32+00:00","description":"Check here the best Azorean Tips ever! Things to do, local food that you can't miss, the best restaurants and the best outdoor activities in S\u00e3o Miguel!","breadcrumb":{"@id":"https:\/\/www.azoresepicadventures.com\/es\/our-tips\/#breadcrumb"},"inLanguage":"es","potentialAction":[{"@type":"ReadAction","target":["https:\/\/www.azoresepicadventures.com\/es\/our-tips\/"]}]},{"@type":"BreadcrumbList","@id":"https:\/\/www.azoresepicadventures.com\/es\/our-tips\/#breadcrumb","itemListElement":[{"@type":"ListItem","position":1,"name":"Home","item":"https:\/\/www.azoresepicadventures.com\/es\/home\/"},{"@type":"ListItem","position":2,"name":"Consejos para Azores"}]},{"@type":"WebSite","@id":"https:\/\/www.azoresepicadventures.com\/#website","url":"https:\/\/www.azoresepicadventures.com\/","name":"Azores Epic Adventures","description":"Canyoning Experts in S\u00e3o Miguel - Azores Islands","publisher":{"@id":"https:\/\/www.azoresepicadventures.com\/#organization"},"potentialAction":[{"@type":"SearchAction","target":{"@type":"EntryPoint","urlTemplate":"https:\/\/www.azoresepicadventures.com\/?s={search_term_string}"},"query-input":{"@type":"PropertyValueSpecification","valueRequired":true,"valueName":"search_term_string"}}],"inLanguage":"es"},{"@type":"Organization","@id":"https:\/\/www.azoresepicadventures.com\/#organization","name":"Azores Epic Adventures","url":"https:\/\/www.azoresepicadventures.com\/","logo":{"@type":"ImageObject","inLanguage":"es","@id":"https:\/\/www.azoresepicadventures.com\/#\/schema\/logo\/image\/","url":"https:\/\/www.azoresepicadventures.com\/wp-content\/uploads\/2019\/04\/azores-logo.jpg","contentUrl":"https:\/\/www.azoresepicadventures.com\/wp-content\/uploads\/2019\/04\/azores-logo.jpg","width":3000,"height":1754,"caption":"Azores Epic Adventures"},"image":{"@id":"https:\/\/www.azoresepicadventures.com\/#\/schema\/logo\/image\/"}}]}},"_links":{"self":[{"href":"https:\/\/www.azoresepicadventures.com\/es\/wp-json\/wp\/v2\/pages\/1754","targetHints":{"allow":["GET"]}}],"collection":[{"href":"https:\/\/www.azoresepicadventures.com\/es\/wp-json\/wp\/v2\/pages"}],"about":[{"href":"https:\/\/www.azoresepicadventures.com\/es\/wp-json\/wp\/v2\/types\/page"}],"author":[{"embeddable":true,"href":"https:\/\/www.azoresepicadventures.com\/es\/wp-json\/wp\/v2\/users\/1"}],"replies":[{"embeddable":true,"href":"https:\/\/www.azoresepicadventures.com\/es\/wp-json\/wp\/v2\/comments?post=1754"}],"version-history":[{"count":7,"href":"https:\/\/www.azoresepicadventures.com\/es\/wp-json\/wp\/v2\/pages\/1754\/revisions"}],"predecessor-version":[{"id":2454,"href":"https:\/\/www.azoresepicadventures.com\/es\/wp-json\/wp\/v2\/pages\/1754\/revisions\/2454"}],"wp:attachment":[{"href":"https:\/\/www.azoresepicadventures.com\/es\/wp-json\/wp\/v2\/media?parent=1754"}],"curies":[{"name":"wp","href":"https:\/\/api.w.org\/{rel}","templated":true}]}}